{"id":1696,"date":"2016-01-15T23:45:56","date_gmt":"2016-01-15T23:45:56","guid":{"rendered":"http:\/\/andavetedeviaje.com\/?page_id=1696"},"modified":"2016-01-15T23:45:56","modified_gmt":"2016-01-15T23:45:56","slug":"quienes-somos","status":"publish","type":"page","link":"https:\/\/andavetedeviaje.com\/?page_id=1696","title":{"rendered":"Quienes somos"},"content":{"rendered":"<p>En ANDA! Vete de Viaje somos unos apasionados de las experiencias inolvidables que s\u00f3lo puedes adquirir cuando tomas tus maletas y te tomas unos d\u00edas para conocer un lugar nuevo.<\/p>\n<p>Queremos que cada mes, nuestras p\u00e1ginas te sirvan de inspiraci\u00f3n para elegir un nuevo destino que agregar al mapa de tu memoria: desde las playas m\u00e1s hermosas y las ciudades m\u00e1s ic\u00f3nicas y tradicionales, hasta los lugares m\u00e1s ex\u00f3ticos o ese destino que ni siquiera imaginabas que exist\u00eda, te llevaremos con la imaginaci\u00f3n a trav\u00e9s de un mundo de color, sabores y sonidos sin igual.<\/p>\n<p>Complementa la experiencia con informaci\u00f3n de las mejores agencias de viajes de Guadalajara, tips de viaje, recomendaciones sobre los mejores restaurantes donde podr\u00e1s encontrar deliciosas sorpresas, art\u00edculos y gadgets que har\u00e1n tu traves\u00eda todav\u00eda m\u00e1s memorable y eventos culturales y art\u00edsticos en Guadalajara, porque tu escapada ideal puede estar incluso a la vuelta de la esquina.<\/p>\n<p>Acomp\u00e1\u00f1anos en esta aventura, prepara tu equipaje y ANDA! Vete de viaje.<\/p>\n","protected":false},"excerpt":{"rendered":"<p>En ANDA! Vete de Viaje somos unos apasionados de las experiencias inolvidables que s\u00f3lo puedes adquirir cuando tomas tus maletas y te tomas unos d\u00edas&#8230;<\/p>\n","protected":false},"author":1,"featured_media":0,"parent":0,"menu_order":0,"comment_status":"closed","ping_status":"closed","template":"","meta":[],"_links":{"self":[{"href":"https:\/\/andavetedeviaje.com\/index.php?rest_route=\/wp\/v2\/pages\/1696"}],"collection":[{"href":"https:\/\/andavetedeviaje.com\/index.php?rest_route=\/wp\/v2\/pages"}],"about":[{"href":"https:\/\/andavetedeviaje.com\/index.php?rest_route=\/wp\/v2\/types\/page"}],"author":[{"embeddable":true,"href":"https:\/\/andavetedeviaje.com\/index.php?rest_route=\/wp\/v2\/users\/1"}],"replies":[{"embeddable":true,"href":"https:\/\/andavetedeviaje.com\/index.php?rest_route=%2Fwp%2Fv2%2Fcomments&post=1696"}],"version-history":[{"count":1,"href":"https:\/\/andavetedeviaje.com\/index.php?rest_route=\/wp\/v2\/pages\/1696\/revisions"}],"predecessor-version":[{"id":1697,"href":"https:\/\/andavetedeviaje.com\/index.php?rest_route=\/wp\/v2\/pages\/1696\/revisions\/1697"}],"wp:attachment":[{"href":"https:\/\/andavetedeviaje.com\/index.php?rest_route=%2Fwp%2Fv2%2Fmedia&parent=1696"}],"curies":[{"name":"wp","href":"https:\/\/api.w.org\/{rel}","templated":true}]}}